{"id":4144,"date":"2026-03-02T07:55:18","date_gmt":"2026-03-02T07:55:18","guid":{"rendered":"https:\/\/www.lesamoureuses.wine\/?post_type=product&#038;p=4144"},"modified":"2026-03-02T08:19:15","modified_gmt":"2026-03-02T08:19:15","slug":"tempranillo","status":"publish","type":"product","link":"https:\/\/www.lesamoureuses.wine\/en\/vins\/tempranillo\/","title":{"rendered":"Tempranillo"},"content":{"rendered":"","protected":false},"excerpt":{"rendered":"<p>&nbsp;<\/p>\n","protected":false},"featured_media":4145,"template":"","meta":{"_acf_changed":false,"inline_featured_image":false,"footnotes":""},"product_brand":[],"product_cat":[34,25],"product_tag":[],"class_list":{"0":"post-4144","1":"product","2":"type-product","3":"status-publish","4":"has-post-thumbnail","6":"product_cat-rouge","7":"product_cat-terres-des-amoureuses","9":"first","10":"instock","11":"taxable","12":"shipping-taxable","13":"purchasable","14":"product-type-variable","15":"has-default-attributes"},"acf":[],"yoast_head":"<!-- This site is optimized with the Yoast SEO plugin v27.4 - https:\/\/yoast.com\/product\/yoast-seo-wordpress\/ -->\n<title>Tempranillo - Les Amoureuses<\/title>\n<meta name=\"description\" content=\"Tempranillo 2023 Vin de France bio et biodynamique (Demeter). \u00c9levage 2 ans en amphores et f\u00fbts de ch\u00eane fran\u00e7ais, fruit m\u00fbr, notes torr\u00e9fi\u00e9es, tanins soyeux.\" \/>\n<meta name=\"robots\" content=\"index, follow, max-snippet:-1, max-image-preview:large, max-video-preview:-1\" \/>\n<meta property=\"og:locale\" content=\"en_US\" \/>\n<meta property=\"og:type\" content=\"article\" \/>\n<meta property=\"og:title\" content=\"Tempranillo - Les Amoureuses\" \/>\n<meta property=\"og:description\" content=\"Tempranillo 2023 Vin de France bio et biodynamique (Demeter). \u00c9levage 2 ans en amphores et f\u00fbts de ch\u00eane fran\u00e7ais, fruit m\u00fbr, notes torr\u00e9fi\u00e9es, tanins soyeux.\" \/>\n<meta property=\"og:url\" content=\"https:\/\/www.lesamoureuses.wine\/en\/vins\/tempranillo\/\" \/>\n<meta property=\"og:site_name\" content=\"Les Amoureuses\" \/>\n<meta property=\"article:modified_time\" content=\"2026-03-02T08:19:15+00:00\" \/>\n<meta property=\"og:image\" content=\"https:\/\/www.lesamoureuses.wine\/wp-content\/uploads\/2026\/02\/gabari-bouteille-1089x3280-tempranillo-2023.png\" \/>\n\t<meta property=\"og:image:width\" content=\"1089\" \/>\n\t<meta property=\"og:image:height\" content=\"3280\" \/>\n\t<meta property=\"og:image:type\" content=\"image\/png\" \/>\n<meta name=\"twitter:card\" content=\"summary_large_image\" \/>\n<meta name=\"twitter:label1\" content=\"Est. reading time\" \/>\n\t<meta name=\"twitter:data1\" content=\"1 minute\" \/>\n<script type=\"application\/ld+json\" class=\"yoast-schema-graph\">{\"@context\":\"https:\\\/\\\/schema.org\",\"@graph\":[{\"@type\":\"WebPage\",\"@id\":\"https:\\\/\\\/www.lesamoureuses.wine\\\/en\\\/vins\\\/tempranillo\\\/\",\"url\":\"https:\\\/\\\/www.lesamoureuses.wine\\\/en\\\/vins\\\/tempranillo\\\/\",\"name\":\"Tempranillo - Les Amoureuses\",\"isPartOf\":{\"@id\":\"https:\\\/\\\/www.lesamoureuses.wine\\\/en\\\/#website\"},\"primaryImageOfPage\":{\"@id\":\"https:\\\/\\\/www.lesamoureuses.wine\\\/en\\\/vins\\\/tempranillo\\\/#primaryimage\"},\"image\":{\"@id\":\"https:\\\/\\\/www.lesamoureuses.wine\\\/en\\\/vins\\\/tempranillo\\\/#primaryimage\"},\"thumbnailUrl\":\"https:\\\/\\\/www.lesamoureuses.wine\\\/wp-content\\\/uploads\\\/2026\\\/02\\\/gabari-bouteille-1089x3280-tempranillo-2023.png\",\"datePublished\":\"2026-03-02T07:55:18+00:00\",\"dateModified\":\"2026-03-02T08:19:15+00:00\",\"description\":\"Tempranillo 2023 Vin de France bio et biodynamique (Demeter). \u00c9levage 2 ans en amphores et f\u00fbts de ch\u00eane fran\u00e7ais, fruit m\u00fbr, notes torr\u00e9fi\u00e9es, tanins soyeux.\",\"breadcrumb\":{\"@id\":\"https:\\\/\\\/www.lesamoureuses.wine\\\/en\\\/vins\\\/tempranillo\\\/#breadcrumb\"},\"inLanguage\":\"en-US\",\"potentialAction\":[{\"@type\":\"ReadAction\",\"target\":[\"https:\\\/\\\/www.lesamoureuses.wine\\\/en\\\/vins\\\/tempranillo\\\/\"]}]},{\"@type\":\"ImageObject\",\"inLanguage\":\"en-US\",\"@id\":\"https:\\\/\\\/www.lesamoureuses.wine\\\/en\\\/vins\\\/tempranillo\\\/#primaryimage\",\"url\":\"https:\\\/\\\/www.lesamoureuses.wine\\\/wp-content\\\/uploads\\\/2026\\\/02\\\/gabari-bouteille-1089x3280-tempranillo-2023.png\",\"contentUrl\":\"https:\\\/\\\/www.lesamoureuses.wine\\\/wp-content\\\/uploads\\\/2026\\\/02\\\/gabari-bouteille-1089x3280-tempranillo-2023.png\",\"width\":1089,\"height\":3280},{\"@type\":\"BreadcrumbList\",\"@id\":\"https:\\\/\\\/www.lesamoureuses.wine\\\/en\\\/vins\\\/tempranillo\\\/#breadcrumb\",\"itemListElement\":[{\"@type\":\"ListItem\",\"position\":1,\"name\":\"Home\",\"item\":\"https:\\\/\\\/www.lesamoureuses.wine\\\/en\\\/\"},{\"@type\":\"ListItem\",\"position\":2,\"name\":\"Shop\",\"item\":\"https:\\\/\\\/www.lesamoureuses.wine\\\/en\\\/shop\\\/\"},{\"@type\":\"ListItem\",\"position\":3,\"name\":\"Tempranillo\"}]},{\"@type\":\"WebSite\",\"@id\":\"https:\\\/\\\/www.lesamoureuses.wine\\\/en\\\/#website\",\"url\":\"https:\\\/\\\/www.lesamoureuses.wine\\\/en\\\/\",\"name\":\"Les Amoureuses\",\"description\":\"\",\"publisher\":{\"@id\":\"https:\\\/\\\/www.lesamoureuses.wine\\\/en\\\/#organization\"},\"potentialAction\":[{\"@type\":\"SearchAction\",\"target\":{\"@type\":\"EntryPoint\",\"urlTemplate\":\"https:\\\/\\\/www.lesamoureuses.wine\\\/en\\\/?s={search_term_string}\"},\"query-input\":{\"@type\":\"PropertyValueSpecification\",\"valueRequired\":true,\"valueName\":\"search_term_string\"}}],\"inLanguage\":\"en-US\"},{\"@type\":\"Organization\",\"@id\":\"https:\\\/\\\/www.lesamoureuses.wine\\\/en\\\/#organization\",\"name\":\"Domaine Les Amoureuses\",\"url\":\"https:\\\/\\\/www.lesamoureuses.wine\\\/en\\\/\",\"logo\":{\"@type\":\"ImageObject\",\"inLanguage\":\"en-US\",\"@id\":\"https:\\\/\\\/www.lesamoureuses.wine\\\/en\\\/#\\\/schema\\\/logo\\\/image\\\/\",\"url\":\"https:\\\/\\\/www.lesamoureuses.wine\\\/wp-content\\\/uploads\\\/2023\\\/08\\\/LOGO_AMOUREUSES-F.jpg\",\"contentUrl\":\"https:\\\/\\\/www.lesamoureuses.wine\\\/wp-content\\\/uploads\\\/2023\\\/08\\\/LOGO_AMOUREUSES-F.jpg\",\"width\":2339,\"height\":1654,\"caption\":\"Domaine Les Amoureuses\"},\"image\":{\"@id\":\"https:\\\/\\\/www.lesamoureuses.wine\\\/en\\\/#\\\/schema\\\/logo\\\/image\\\/\"}}]}<\/script>\n<!-- \/ Yoast SEO plugin. -->","yoast_head_json":{"title":"Tempranillo - Les Amoureuses","description":"Tempranillo 2023 Vin de France bio et biodynamique (Demeter). \u00c9levage 2 ans en amphores et f\u00fbts de ch\u00eane fran\u00e7ais, fruit m\u00fbr, notes torr\u00e9fi\u00e9es, tanins soyeux.","robots":{"index":"index","follow":"follow","max-snippet":"max-snippet:-1","max-image-preview":"max-image-preview:large","max-video-preview":"max-video-preview:-1"},"og_locale":"en_US","og_type":"article","og_title":"Tempranillo - Les Amoureuses","og_description":"Tempranillo 2023 Vin de France bio et biodynamique (Demeter). \u00c9levage 2 ans en amphores et f\u00fbts de ch\u00eane fran\u00e7ais, fruit m\u00fbr, notes torr\u00e9fi\u00e9es, tanins soyeux.","og_url":"https:\/\/www.lesamoureuses.wine\/en\/vins\/tempranillo\/","og_site_name":"Les Amoureuses","article_modified_time":"2026-03-02T08:19:15+00:00","og_image":[{"width":1089,"height":3280,"url":"https:\/\/www.lesamoureuses.wine\/wp-content\/uploads\/2026\/02\/gabari-bouteille-1089x3280-tempranillo-2023.png","type":"image\/png"}],"twitter_card":"summary_large_image","twitter_misc":{"Est. reading time":"1 minute"},"schema":{"@context":"https:\/\/schema.org","@graph":[{"@type":"WebPage","@id":"https:\/\/www.lesamoureuses.wine\/en\/vins\/tempranillo\/","url":"https:\/\/www.lesamoureuses.wine\/en\/vins\/tempranillo\/","name":"Tempranillo - Les Amoureuses","isPartOf":{"@id":"https:\/\/www.lesamoureuses.wine\/en\/#website"},"primaryImageOfPage":{"@id":"https:\/\/www.lesamoureuses.wine\/en\/vins\/tempranillo\/#primaryimage"},"image":{"@id":"https:\/\/www.lesamoureuses.wine\/en\/vins\/tempranillo\/#primaryimage"},"thumbnailUrl":"https:\/\/www.lesamoureuses.wine\/wp-content\/uploads\/2026\/02\/gabari-bouteille-1089x3280-tempranillo-2023.png","datePublished":"2026-03-02T07:55:18+00:00","dateModified":"2026-03-02T08:19:15+00:00","description":"Tempranillo 2023 Vin de France bio et biodynamique (Demeter). \u00c9levage 2 ans en amphores et f\u00fbts de ch\u00eane fran\u00e7ais, fruit m\u00fbr, notes torr\u00e9fi\u00e9es, tanins soyeux.","breadcrumb":{"@id":"https:\/\/www.lesamoureuses.wine\/en\/vins\/tempranillo\/#breadcrumb"},"inLanguage":"en-US","potentialAction":[{"@type":"ReadAction","target":["https:\/\/www.lesamoureuses.wine\/en\/vins\/tempranillo\/"]}]},{"@type":"ImageObject","inLanguage":"en-US","@id":"https:\/\/www.lesamoureuses.wine\/en\/vins\/tempranillo\/#primaryimage","url":"https:\/\/www.lesamoureuses.wine\/wp-content\/uploads\/2026\/02\/gabari-bouteille-1089x3280-tempranillo-2023.png","contentUrl":"https:\/\/www.lesamoureuses.wine\/wp-content\/uploads\/2026\/02\/gabari-bouteille-1089x3280-tempranillo-2023.png","width":1089,"height":3280},{"@type":"BreadcrumbList","@id":"https:\/\/www.lesamoureuses.wine\/en\/vins\/tempranillo\/#breadcrumb","itemListElement":[{"@type":"ListItem","position":1,"name":"Home","item":"https:\/\/www.lesamoureuses.wine\/en\/"},{"@type":"ListItem","position":2,"name":"Shop","item":"https:\/\/www.lesamoureuses.wine\/en\/shop\/"},{"@type":"ListItem","position":3,"name":"Tempranillo"}]},{"@type":"WebSite","@id":"https:\/\/www.lesamoureuses.wine\/en\/#website","url":"https:\/\/www.lesamoureuses.wine\/en\/","name":"Les Amoureuses","description":"","publisher":{"@id":"https:\/\/www.lesamoureuses.wine\/en\/#organization"},"potentialAction":[{"@type":"SearchAction","target":{"@type":"EntryPoint","urlTemplate":"https:\/\/www.lesamoureuses.wine\/en\/?s={search_term_string}"},"query-input":{"@type":"PropertyValueSpecification","valueRequired":true,"valueName":"search_term_string"}}],"inLanguage":"en-US"},{"@type":"Organization","@id":"https:\/\/www.lesamoureuses.wine\/en\/#organization","name":"Domaine Les Amoureuses","url":"https:\/\/www.lesamoureuses.wine\/en\/","logo":{"@type":"ImageObject","inLanguage":"en-US","@id":"https:\/\/www.lesamoureuses.wine\/en\/#\/schema\/logo\/image\/","url":"https:\/\/www.lesamoureuses.wine\/wp-content\/uploads\/2023\/08\/LOGO_AMOUREUSES-F.jpg","contentUrl":"https:\/\/www.lesamoureuses.wine\/wp-content\/uploads\/2023\/08\/LOGO_AMOUREUSES-F.jpg","width":2339,"height":1654,"caption":"Domaine Les Amoureuses"},"image":{"@id":"https:\/\/www.lesamoureuses.wine\/en\/#\/schema\/logo\/image\/"}}]}},"_links":{"self":[{"href":"https:\/\/www.lesamoureuses.wine\/en\/wp-json\/wp\/v2\/product\/4144","targetHints":{"allow":["GET"]}}],"collection":[{"href":"https:\/\/www.lesamoureuses.wine\/en\/wp-json\/wp\/v2\/product"}],"about":[{"href":"https:\/\/www.lesamoureuses.wine\/en\/wp-json\/wp\/v2\/types\/product"}],"version-history":[{"count":8,"href":"https:\/\/www.lesamoureuses.wine\/en\/wp-json\/wp\/v2\/product\/4144\/revisions"}],"predecessor-version":[{"id":4191,"href":"https:\/\/www.lesamoureuses.wine\/en\/wp-json\/wp\/v2\/product\/4144\/revisions\/4191"}],"wp:featuredmedia":[{"embeddable":true,"href":"https:\/\/www.lesamoureuses.wine\/en\/wp-json\/wp\/v2\/media\/4145"}],"wp:attachment":[{"href":"https:\/\/www.lesamoureuses.wine\/en\/wp-json\/wp\/v2\/media?parent=4144"}],"wp:term":[{"taxonomy":"product_brand","embeddable":true,"href":"https:\/\/www.lesamoureuses.wine\/en\/wp-json\/wp\/v2\/product_brand?post=4144"},{"taxonomy":"product_cat","embeddable":true,"href":"https:\/\/www.lesamoureuses.wine\/en\/wp-json\/wp\/v2\/product_cat?post=4144"},{"taxonomy":"product_tag","embeddable":true,"href":"https:\/\/www.lesamoureuses.wine\/en\/wp-json\/wp\/v2\/product_tag?post=4144"}],"curies":[{"name":"wp","href":"https:\/\/api.w.org\/{rel}","templated":true}]}}