{"id":3960,"date":"2025-11-12T09:18:16","date_gmt":"2025-11-12T09:18:16","guid":{"rendered":"https:\/\/www.lesamoureuses.wine\/?post_type=product&#038;p=3960"},"modified":"2026-02-09T14:20:27","modified_gmt":"2026-02-09T14:20:27","slug":"coffret-prestige-en-bois","status":"publish","type":"product","link":"https:\/\/www.lesamoureuses.wine\/en\/vins\/coffret-prestige-en-bois\/","title":{"rendered":"Coffret Prestige en Bois"},"content":{"rendered":"","protected":false},"excerpt":{"rendered":"","protected":false},"featured_media":3963,"template":"","meta":{"_acf_changed":false,"inline_featured_image":false,"footnotes":""},"product_brand":[],"product_cat":[45],"product_tag":[],"class_list":{"0":"post-3960","1":"product","2":"type-product","3":"status-publish","4":"has-post-thumbnail","6":"product_cat-coffrets","8":"first","9":"instock","10":"taxable","11":"shipping-taxable","12":"purchasable","13":"product-type-simple"},"acf":[],"yoast_head":"<!-- This site is optimized with the Yoast SEO plugin v27.4 - https:\/\/yoast.com\/product\/yoast-seo-wordpress\/ -->\n<title>Coffret Prestige en Bois - Les Amoureuses<\/title>\n<meta name=\"description\" content=\"Coffret bois regroupant six cuv\u00e9es repr\u00e9sentatives du terroir ard\u00e9chois. S\u00e9lection rouge et blanc. 193,40 \u20ac TTC.\" \/>\n<meta name=\"robots\" content=\"index, follow, max-snippet:-1, max-image-preview:large, max-video-preview:-1\" \/>\n<meta property=\"og:locale\" content=\"en_US\" \/>\n<meta property=\"og:type\" content=\"article\" \/>\n<meta property=\"og:title\" content=\"Coffret Prestige en Bois - Les Amoureuses\" \/>\n<meta property=\"og:description\" content=\"Coffret bois regroupant six cuv\u00e9es repr\u00e9sentatives du terroir ard\u00e9chois. S\u00e9lection rouge et blanc. 193,40 \u20ac TTC.\" \/>\n<meta property=\"og:url\" content=\"https:\/\/www.lesamoureuses.wine\/en\/vins\/coffret-prestige-en-bois\/\" \/>\n<meta property=\"og:site_name\" content=\"Les Amoureuses\" \/>\n<meta property=\"article:modified_time\" content=\"2026-02-09T14:20:27+00:00\" \/>\n<meta property=\"og:image\" content=\"https:\/\/www.lesamoureuses.wine\/wp-content\/uploads\/2025\/11\/CALQUE-5-1024x1024.png\" \/>\n\t<meta property=\"og:image:width\" content=\"1024\" \/>\n\t<meta property=\"og:image:height\" content=\"1024\" \/>\n\t<meta property=\"og:image:type\" content=\"image\/png\" \/>\n<meta name=\"twitter:card\" content=\"summary_large_image\" \/>\n<script type=\"application\/ld+json\" class=\"yoast-schema-graph\">{\"@context\":\"https:\\\/\\\/schema.org\",\"@graph\":[{\"@type\":\"WebPage\",\"@id\":\"https:\\\/\\\/www.lesamoureuses.wine\\\/en\\\/vins\\\/coffret-prestige-en-bois\\\/\",\"url\":\"https:\\\/\\\/www.lesamoureuses.wine\\\/en\\\/vins\\\/coffret-prestige-en-bois\\\/\",\"name\":\"Coffret Prestige en Bois - Les Amoureuses\",\"isPartOf\":{\"@id\":\"https:\\\/\\\/www.lesamoureuses.wine\\\/en\\\/#website\"},\"primaryImageOfPage\":{\"@id\":\"https:\\\/\\\/www.lesamoureuses.wine\\\/en\\\/vins\\\/coffret-prestige-en-bois\\\/#primaryimage\"},\"image\":{\"@id\":\"https:\\\/\\\/www.lesamoureuses.wine\\\/en\\\/vins\\\/coffret-prestige-en-bois\\\/#primaryimage\"},\"thumbnailUrl\":\"https:\\\/\\\/www.lesamoureuses.wine\\\/wp-content\\\/uploads\\\/2025\\\/11\\\/CALQUE-5.png\",\"datePublished\":\"2025-11-12T09:18:16+00:00\",\"dateModified\":\"2026-02-09T14:20:27+00:00\",\"description\":\"Coffret bois regroupant six cuv\u00e9es repr\u00e9sentatives du terroir ard\u00e9chois. S\u00e9lection rouge et blanc. 193,40 \u20ac TTC.\",\"breadcrumb\":{\"@id\":\"https:\\\/\\\/www.lesamoureuses.wine\\\/en\\\/vins\\\/coffret-prestige-en-bois\\\/#breadcrumb\"},\"inLanguage\":\"en-US\",\"potentialAction\":[{\"@type\":\"ReadAction\",\"target\":[\"https:\\\/\\\/www.lesamoureuses.wine\\\/en\\\/vins\\\/coffret-prestige-en-bois\\\/\"]}]},{\"@type\":\"ImageObject\",\"inLanguage\":\"en-US\",\"@id\":\"https:\\\/\\\/www.lesamoureuses.wine\\\/en\\\/vins\\\/coffret-prestige-en-bois\\\/#primaryimage\",\"url\":\"https:\\\/\\\/www.lesamoureuses.wine\\\/wp-content\\\/uploads\\\/2025\\\/11\\\/CALQUE-5.png\",\"contentUrl\":\"https:\\\/\\\/www.lesamoureuses.wine\\\/wp-content\\\/uploads\\\/2025\\\/11\\\/CALQUE-5.png\",\"width\":6000,\"height\":6000},{\"@type\":\"BreadcrumbList\",\"@id\":\"https:\\\/\\\/www.lesamoureuses.wine\\\/en\\\/vins\\\/coffret-prestige-en-bois\\\/#breadcrumb\",\"itemListElement\":[{\"@type\":\"ListItem\",\"position\":1,\"name\":\"Home\",\"item\":\"https:\\\/\\\/www.lesamoureuses.wine\\\/en\\\/\"},{\"@type\":\"ListItem\",\"position\":2,\"name\":\"Shop\",\"item\":\"https:\\\/\\\/www.lesamoureuses.wine\\\/en\\\/shop\\\/\"},{\"@type\":\"ListItem\",\"position\":3,\"name\":\"Coffret Prestige en Bois\"}]},{\"@type\":\"WebSite\",\"@id\":\"https:\\\/\\\/www.lesamoureuses.wine\\\/en\\\/#website\",\"url\":\"https:\\\/\\\/www.lesamoureuses.wine\\\/en\\\/\",\"name\":\"Les Amoureuses\",\"description\":\"\",\"publisher\":{\"@id\":\"https:\\\/\\\/www.lesamoureuses.wine\\\/en\\\/#organization\"},\"potentialAction\":[{\"@type\":\"SearchAction\",\"target\":{\"@type\":\"EntryPoint\",\"urlTemplate\":\"https:\\\/\\\/www.lesamoureuses.wine\\\/en\\\/?s={search_term_string}\"},\"query-input\":{\"@type\":\"PropertyValueSpecification\",\"valueRequired\":true,\"valueName\":\"search_term_string\"}}],\"inLanguage\":\"en-US\"},{\"@type\":\"Organization\",\"@id\":\"https:\\\/\\\/www.lesamoureuses.wine\\\/en\\\/#organization\",\"name\":\"Domaine Les Amoureuses\",\"url\":\"https:\\\/\\\/www.lesamoureuses.wine\\\/en\\\/\",\"logo\":{\"@type\":\"ImageObject\",\"inLanguage\":\"en-US\",\"@id\":\"https:\\\/\\\/www.lesamoureuses.wine\\\/en\\\/#\\\/schema\\\/logo\\\/image\\\/\",\"url\":\"https:\\\/\\\/www.lesamoureuses.wine\\\/wp-content\\\/uploads\\\/2023\\\/08\\\/LOGO_AMOUREUSES-F.jpg\",\"contentUrl\":\"https:\\\/\\\/www.lesamoureuses.wine\\\/wp-content\\\/uploads\\\/2023\\\/08\\\/LOGO_AMOUREUSES-F.jpg\",\"width\":2339,\"height\":1654,\"caption\":\"Domaine Les Amoureuses\"},\"image\":{\"@id\":\"https:\\\/\\\/www.lesamoureuses.wine\\\/en\\\/#\\\/schema\\\/logo\\\/image\\\/\"}}]}<\/script>\n<!-- \/ Yoast SEO plugin. -->","yoast_head_json":{"title":"Coffret Prestige en Bois - Les Amoureuses","description":"Coffret bois regroupant six cuv\u00e9es repr\u00e9sentatives du terroir ard\u00e9chois. S\u00e9lection rouge et blanc. 193,40 \u20ac TTC.","robots":{"index":"index","follow":"follow","max-snippet":"max-snippet:-1","max-image-preview":"max-image-preview:large","max-video-preview":"max-video-preview:-1"},"og_locale":"en_US","og_type":"article","og_title":"Coffret Prestige en Bois - Les Amoureuses","og_description":"Coffret bois regroupant six cuv\u00e9es repr\u00e9sentatives du terroir ard\u00e9chois. S\u00e9lection rouge et blanc. 193,40 \u20ac TTC.","og_url":"https:\/\/www.lesamoureuses.wine\/en\/vins\/coffret-prestige-en-bois\/","og_site_name":"Les Amoureuses","article_modified_time":"2026-02-09T14:20:27+00:00","og_image":[{"width":1024,"height":1024,"url":"https:\/\/www.lesamoureuses.wine\/wp-content\/uploads\/2025\/11\/CALQUE-5-1024x1024.png","type":"image\/png"}],"twitter_card":"summary_large_image","schema":{"@context":"https:\/\/schema.org","@graph":[{"@type":"WebPage","@id":"https:\/\/www.lesamoureuses.wine\/en\/vins\/coffret-prestige-en-bois\/","url":"https:\/\/www.lesamoureuses.wine\/en\/vins\/coffret-prestige-en-bois\/","name":"Coffret Prestige en Bois - Les Amoureuses","isPartOf":{"@id":"https:\/\/www.lesamoureuses.wine\/en\/#website"},"primaryImageOfPage":{"@id":"https:\/\/www.lesamoureuses.wine\/en\/vins\/coffret-prestige-en-bois\/#primaryimage"},"image":{"@id":"https:\/\/www.lesamoureuses.wine\/en\/vins\/coffret-prestige-en-bois\/#primaryimage"},"thumbnailUrl":"https:\/\/www.lesamoureuses.wine\/wp-content\/uploads\/2025\/11\/CALQUE-5.png","datePublished":"2025-11-12T09:18:16+00:00","dateModified":"2026-02-09T14:20:27+00:00","description":"Coffret bois regroupant six cuv\u00e9es repr\u00e9sentatives du terroir ard\u00e9chois. S\u00e9lection rouge et blanc. 193,40 \u20ac TTC.","breadcrumb":{"@id":"https:\/\/www.lesamoureuses.wine\/en\/vins\/coffret-prestige-en-bois\/#breadcrumb"},"inLanguage":"en-US","potentialAction":[{"@type":"ReadAction","target":["https:\/\/www.lesamoureuses.wine\/en\/vins\/coffret-prestige-en-bois\/"]}]},{"@type":"ImageObject","inLanguage":"en-US","@id":"https:\/\/www.lesamoureuses.wine\/en\/vins\/coffret-prestige-en-bois\/#primaryimage","url":"https:\/\/www.lesamoureuses.wine\/wp-content\/uploads\/2025\/11\/CALQUE-5.png","contentUrl":"https:\/\/www.lesamoureuses.wine\/wp-content\/uploads\/2025\/11\/CALQUE-5.png","width":6000,"height":6000},{"@type":"BreadcrumbList","@id":"https:\/\/www.lesamoureuses.wine\/en\/vins\/coffret-prestige-en-bois\/#breadcrumb","itemListElement":[{"@type":"ListItem","position":1,"name":"Home","item":"https:\/\/www.lesamoureuses.wine\/en\/"},{"@type":"ListItem","position":2,"name":"Shop","item":"https:\/\/www.lesamoureuses.wine\/en\/shop\/"},{"@type":"ListItem","position":3,"name":"Coffret Prestige en Bois"}]},{"@type":"WebSite","@id":"https:\/\/www.lesamoureuses.wine\/en\/#website","url":"https:\/\/www.lesamoureuses.wine\/en\/","name":"Les Amoureuses","description":"","publisher":{"@id":"https:\/\/www.lesamoureuses.wine\/en\/#organization"},"potentialAction":[{"@type":"SearchAction","target":{"@type":"EntryPoint","urlTemplate":"https:\/\/www.lesamoureuses.wine\/en\/?s={search_term_string}"},"query-input":{"@type":"PropertyValueSpecification","valueRequired":true,"valueName":"search_term_string"}}],"inLanguage":"en-US"},{"@type":"Organization","@id":"https:\/\/www.lesamoureuses.wine\/en\/#organization","name":"Domaine Les Amoureuses","url":"https:\/\/www.lesamoureuses.wine\/en\/","logo":{"@type":"ImageObject","inLanguage":"en-US","@id":"https:\/\/www.lesamoureuses.wine\/en\/#\/schema\/logo\/image\/","url":"https:\/\/www.lesamoureuses.wine\/wp-content\/uploads\/2023\/08\/LOGO_AMOUREUSES-F.jpg","contentUrl":"https:\/\/www.lesamoureuses.wine\/wp-content\/uploads\/2023\/08\/LOGO_AMOUREUSES-F.jpg","width":2339,"height":1654,"caption":"Domaine Les Amoureuses"},"image":{"@id":"https:\/\/www.lesamoureuses.wine\/en\/#\/schema\/logo\/image\/"}}]}},"_links":{"self":[{"href":"https:\/\/www.lesamoureuses.wine\/en\/wp-json\/wp\/v2\/product\/3960","targetHints":{"allow":["GET"]}}],"collection":[{"href":"https:\/\/www.lesamoureuses.wine\/en\/wp-json\/wp\/v2\/product"}],"about":[{"href":"https:\/\/www.lesamoureuses.wine\/en\/wp-json\/wp\/v2\/types\/product"}],"version-history":[{"count":6,"href":"https:\/\/www.lesamoureuses.wine\/en\/wp-json\/wp\/v2\/product\/3960\/revisions"}],"predecessor-version":[{"id":4110,"href":"https:\/\/www.lesamoureuses.wine\/en\/wp-json\/wp\/v2\/product\/3960\/revisions\/4110"}],"wp:featuredmedia":[{"embeddable":true,"href":"https:\/\/www.lesamoureuses.wine\/en\/wp-json\/wp\/v2\/media\/3963"}],"wp:attachment":[{"href":"https:\/\/www.lesamoureuses.wine\/en\/wp-json\/wp\/v2\/media?parent=3960"}],"wp:term":[{"taxonomy":"product_brand","embeddable":true,"href":"https:\/\/www.lesamoureuses.wine\/en\/wp-json\/wp\/v2\/product_brand?post=3960"},{"taxonomy":"product_cat","embeddable":true,"href":"https:\/\/www.lesamoureuses.wine\/en\/wp-json\/wp\/v2\/product_cat?post=3960"},{"taxonomy":"product_tag","embeddable":true,"href":"https:\/\/www.lesamoureuses.wine\/en\/wp-json\/wp\/v2\/product_tag?post=3960"}],"curies":[{"name":"wp","href":"https:\/\/api.w.org\/{rel}","templated":true}]}}