{"id":3033,"date":"2024-12-03T13:47:59","date_gmt":"2024-12-03T13:47:59","guid":{"rendered":"https:\/\/www.lesamoureuses.wine\/?post_type=product&#038;p=3033"},"modified":"2024-12-04T08:43:22","modified_gmt":"2024-12-04T08:43:22","slug":"miel-de-fleurs-dardeche","status":"publish","type":"product","link":"https:\/\/www.lesamoureuses.wine\/en\/vins\/miel-de-fleurs-dardeche\/","title":{"rendered":"Miel de fleurs d&#8217;Ard\u00e8che"},"content":{"rendered":"<p>Un miel de fleurs d&#8217;Ard\u00e8che 100% naturel, r\u00e9colt\u00e9 en Ard\u00e8che, au c\u0153ur de la garrigue du Liby. Ses notes de thym, lavande et romarin en font un miel au go\u00fbt authentique et doux.<\/p>\n<ul>\n<li><strong>Produit local et authentique<\/strong><\/li>\n<li><strong>100% naturel<\/strong><\/li>\n<li><strong>Soutien \u00e0 l\u2019apiculture <a href=\"https:\/\/www.lesamoureuses.wine\/notre-identite\/\" target=\"_blank\" rel=\"noopener\">durable<\/a><\/strong><\/li>\n<li><strong>Riche en ar\u00f4mes floraux<\/strong> (thym, lavande, romarin)<\/li>\n<\/ul>\n","protected":false},"excerpt":{"rendered":"<p>Un miel de fleurs d&#8217;Ard\u00e8che 100% naturel, r\u00e9colt\u00e9 en Ard\u00e8che, au c\u0153ur de la garrigue du Liby. Ses notes de thym, lavande et romarin en font un miel au go\u00fbt authentique et doux. Produit local et authentique 100% naturel Soutien \u00e0 l\u2019apiculture durable Riche en ar\u00f4mes floraux (thym, lavande, romarin)<\/p>\n","protected":false},"featured_media":3048,"template":"","meta":{"_acf_changed":false,"inline_featured_image":false,"footnotes":""},"product_brand":[],"product_cat":[102],"product_tag":[],"class_list":{"0":"post-3033","1":"product","2":"type-product","3":"status-publish","4":"has-post-thumbnail","6":"product_cat-epicerie-fine","8":"first","9":"instock","10":"taxable","11":"shipping-taxable","12":"purchasable","13":"product-type-simple"},"acf":[],"yoast_head":"<!-- This site is optimized with the Yoast SEO plugin v27.4 - https:\/\/yoast.com\/product\/yoast-seo-wordpress\/ -->\n<title>Miel de fleurs d&#039;Ard\u00e8che - Les Amoureuses<\/title>\n<meta name=\"description\" content=\"Miel de fleurs d&#039;Ard\u00e8che, 100% naturel, r\u00e9colt\u00e9 dans la garrigue du Liby. Notes de thym et lavande, parfait pour sucrer boissons et recettes. Pot de 500 g.\" \/>\n<meta name=\"robots\" content=\"index, follow, max-snippet:-1, max-image-preview:large, max-video-preview:-1\" \/>\n<meta property=\"og:locale\" content=\"en_US\" \/>\n<meta property=\"og:type\" content=\"article\" \/>\n<meta property=\"og:title\" content=\"Miel de fleurs d&#039;Ard\u00e8che - Les Amoureuses\" \/>\n<meta property=\"og:description\" content=\"Miel de fleurs d&#039;Ard\u00e8che, 100% naturel, r\u00e9colt\u00e9 dans la garrigue du Liby. Notes de thym et lavande, parfait pour sucrer boissons et recettes. Pot de 500 g.\" \/>\n<meta property=\"og:url\" content=\"https:\/\/www.lesamoureuses.wine\/en\/vins\/miel-de-fleurs-dardeche\/\" \/>\n<meta property=\"og:site_name\" content=\"Les Amoureuses\" \/>\n<meta property=\"article:modified_time\" content=\"2024-12-04T08:43:22+00:00\" \/>\n<meta property=\"og:image\" content=\"https:\/\/www.lesamoureuses.wine\/wp-content\/uploads\/2024\/12\/MIEL-DETOURE-1-1024x683.png\" \/>\n\t<meta property=\"og:image:width\" content=\"1024\" \/>\n\t<meta property=\"og:image:height\" content=\"683\" \/>\n\t<meta property=\"og:image:type\" content=\"image\/png\" \/>\n<meta name=\"twitter:card\" content=\"summary_large_image\" \/>\n<meta name=\"twitter:label1\" content=\"Est. reading time\" \/>\n\t<meta name=\"twitter:data1\" content=\"1 minute\" \/>\n<script type=\"application\/ld+json\" class=\"yoast-schema-graph\">{\"@context\":\"https:\\\/\\\/schema.org\",\"@graph\":[{\"@type\":\"WebPage\",\"@id\":\"https:\\\/\\\/www.lesamoureuses.wine\\\/en\\\/vins\\\/miel-de-fleurs-dardeche\\\/\",\"url\":\"https:\\\/\\\/www.lesamoureuses.wine\\\/en\\\/vins\\\/miel-de-fleurs-dardeche\\\/\",\"name\":\"Miel de fleurs d'Ard\u00e8che - Les Amoureuses\",\"isPartOf\":{\"@id\":\"https:\\\/\\\/www.lesamoureuses.wine\\\/en\\\/#website\"},\"primaryImageOfPage\":{\"@id\":\"https:\\\/\\\/www.lesamoureuses.wine\\\/en\\\/vins\\\/miel-de-fleurs-dardeche\\\/#primaryimage\"},\"image\":{\"@id\":\"https:\\\/\\\/www.lesamoureuses.wine\\\/en\\\/vins\\\/miel-de-fleurs-dardeche\\\/#primaryimage\"},\"thumbnailUrl\":\"https:\\\/\\\/www.lesamoureuses.wine\\\/wp-content\\\/uploads\\\/2024\\\/12\\\/MIEL-DETOURE-1.png\",\"datePublished\":\"2024-12-03T13:47:59+00:00\",\"dateModified\":\"2024-12-04T08:43:22+00:00\",\"description\":\"Miel de fleurs d'Ard\u00e8che, 100% naturel, r\u00e9colt\u00e9 dans la garrigue du Liby. Notes de thym et lavande, parfait pour sucrer boissons et recettes. Pot de 500 g.\",\"breadcrumb\":{\"@id\":\"https:\\\/\\\/www.lesamoureuses.wine\\\/en\\\/vins\\\/miel-de-fleurs-dardeche\\\/#breadcrumb\"},\"inLanguage\":\"en-US\",\"potentialAction\":[{\"@type\":\"ReadAction\",\"target\":[\"https:\\\/\\\/www.lesamoureuses.wine\\\/en\\\/vins\\\/miel-de-fleurs-dardeche\\\/\"]}]},{\"@type\":\"ImageObject\",\"inLanguage\":\"en-US\",\"@id\":\"https:\\\/\\\/www.lesamoureuses.wine\\\/en\\\/vins\\\/miel-de-fleurs-dardeche\\\/#primaryimage\",\"url\":\"https:\\\/\\\/www.lesamoureuses.wine\\\/wp-content\\\/uploads\\\/2024\\\/12\\\/MIEL-DETOURE-1.png\",\"contentUrl\":\"https:\\\/\\\/www.lesamoureuses.wine\\\/wp-content\\\/uploads\\\/2024\\\/12\\\/MIEL-DETOURE-1.png\",\"width\":6000,\"height\":4000,\"caption\":\"Miel de fleurs du Liby Domaine Les Amoureuses\"},{\"@type\":\"BreadcrumbList\",\"@id\":\"https:\\\/\\\/www.lesamoureuses.wine\\\/en\\\/vins\\\/miel-de-fleurs-dardeche\\\/#breadcrumb\",\"itemListElement\":[{\"@type\":\"ListItem\",\"position\":1,\"name\":\"Home\",\"item\":\"https:\\\/\\\/www.lesamoureuses.wine\\\/en\\\/\"},{\"@type\":\"ListItem\",\"position\":2,\"name\":\"Shop\",\"item\":\"https:\\\/\\\/www.lesamoureuses.wine\\\/en\\\/shop\\\/\"},{\"@type\":\"ListItem\",\"position\":3,\"name\":\"Miel de fleurs d&rsquo;Ard\u00e8che\"}]},{\"@type\":\"WebSite\",\"@id\":\"https:\\\/\\\/www.lesamoureuses.wine\\\/en\\\/#website\",\"url\":\"https:\\\/\\\/www.lesamoureuses.wine\\\/en\\\/\",\"name\":\"Les Amoureuses\",\"description\":\"\",\"publisher\":{\"@id\":\"https:\\\/\\\/www.lesamoureuses.wine\\\/en\\\/#organization\"},\"potentialAction\":[{\"@type\":\"SearchAction\",\"target\":{\"@type\":\"EntryPoint\",\"urlTemplate\":\"https:\\\/\\\/www.lesamoureuses.wine\\\/en\\\/?s={search_term_string}\"},\"query-input\":{\"@type\":\"PropertyValueSpecification\",\"valueRequired\":true,\"valueName\":\"search_term_string\"}}],\"inLanguage\":\"en-US\"},{\"@type\":\"Organization\",\"@id\":\"https:\\\/\\\/www.lesamoureuses.wine\\\/en\\\/#organization\",\"name\":\"Domaine Les Amoureuses\",\"url\":\"https:\\\/\\\/www.lesamoureuses.wine\\\/en\\\/\",\"logo\":{\"@type\":\"ImageObject\",\"inLanguage\":\"en-US\",\"@id\":\"https:\\\/\\\/www.lesamoureuses.wine\\\/en\\\/#\\\/schema\\\/logo\\\/image\\\/\",\"url\":\"https:\\\/\\\/www.lesamoureuses.wine\\\/wp-content\\\/uploads\\\/2023\\\/08\\\/LOGO_AMOUREUSES-F.jpg\",\"contentUrl\":\"https:\\\/\\\/www.lesamoureuses.wine\\\/wp-content\\\/uploads\\\/2023\\\/08\\\/LOGO_AMOUREUSES-F.jpg\",\"width\":2339,\"height\":1654,\"caption\":\"Domaine Les Amoureuses\"},\"image\":{\"@id\":\"https:\\\/\\\/www.lesamoureuses.wine\\\/en\\\/#\\\/schema\\\/logo\\\/image\\\/\"}}]}<\/script>\n<!-- \/ Yoast SEO plugin. -->","yoast_head_json":{"title":"Miel de fleurs d'Ard\u00e8che - Les Amoureuses","description":"Miel de fleurs d'Ard\u00e8che, 100% naturel, r\u00e9colt\u00e9 dans la garrigue du Liby. Notes de thym et lavande, parfait pour sucrer boissons et recettes. Pot de 500 g.","robots":{"index":"index","follow":"follow","max-snippet":"max-snippet:-1","max-image-preview":"max-image-preview:large","max-video-preview":"max-video-preview:-1"},"og_locale":"en_US","og_type":"article","og_title":"Miel de fleurs d'Ard\u00e8che - Les Amoureuses","og_description":"Miel de fleurs d'Ard\u00e8che, 100% naturel, r\u00e9colt\u00e9 dans la garrigue du Liby. Notes de thym et lavande, parfait pour sucrer boissons et recettes. Pot de 500 g.","og_url":"https:\/\/www.lesamoureuses.wine\/en\/vins\/miel-de-fleurs-dardeche\/","og_site_name":"Les Amoureuses","article_modified_time":"2024-12-04T08:43:22+00:00","og_image":[{"width":1024,"height":683,"url":"https:\/\/www.lesamoureuses.wine\/wp-content\/uploads\/2024\/12\/MIEL-DETOURE-1-1024x683.png","type":"image\/png"}],"twitter_card":"summary_large_image","twitter_misc":{"Est. reading time":"1 minute"},"schema":{"@context":"https:\/\/schema.org","@graph":[{"@type":"WebPage","@id":"https:\/\/www.lesamoureuses.wine\/en\/vins\/miel-de-fleurs-dardeche\/","url":"https:\/\/www.lesamoureuses.wine\/en\/vins\/miel-de-fleurs-dardeche\/","name":"Miel de fleurs d'Ard\u00e8che - Les Amoureuses","isPartOf":{"@id":"https:\/\/www.lesamoureuses.wine\/en\/#website"},"primaryImageOfPage":{"@id":"https:\/\/www.lesamoureuses.wine\/en\/vins\/miel-de-fleurs-dardeche\/#primaryimage"},"image":{"@id":"https:\/\/www.lesamoureuses.wine\/en\/vins\/miel-de-fleurs-dardeche\/#primaryimage"},"thumbnailUrl":"https:\/\/www.lesamoureuses.wine\/wp-content\/uploads\/2024\/12\/MIEL-DETOURE-1.png","datePublished":"2024-12-03T13:47:59+00:00","dateModified":"2024-12-04T08:43:22+00:00","description":"Miel de fleurs d'Ard\u00e8che, 100% naturel, r\u00e9colt\u00e9 dans la garrigue du Liby. Notes de thym et lavande, parfait pour sucrer boissons et recettes. Pot de 500 g.","breadcrumb":{"@id":"https:\/\/www.lesamoureuses.wine\/en\/vins\/miel-de-fleurs-dardeche\/#breadcrumb"},"inLanguage":"en-US","potentialAction":[{"@type":"ReadAction","target":["https:\/\/www.lesamoureuses.wine\/en\/vins\/miel-de-fleurs-dardeche\/"]}]},{"@type":"ImageObject","inLanguage":"en-US","@id":"https:\/\/www.lesamoureuses.wine\/en\/vins\/miel-de-fleurs-dardeche\/#primaryimage","url":"https:\/\/www.lesamoureuses.wine\/wp-content\/uploads\/2024\/12\/MIEL-DETOURE-1.png","contentUrl":"https:\/\/www.lesamoureuses.wine\/wp-content\/uploads\/2024\/12\/MIEL-DETOURE-1.png","width":6000,"height":4000,"caption":"Miel de fleurs du Liby Domaine Les Amoureuses"},{"@type":"BreadcrumbList","@id":"https:\/\/www.lesamoureuses.wine\/en\/vins\/miel-de-fleurs-dardeche\/#breadcrumb","itemListElement":[{"@type":"ListItem","position":1,"name":"Home","item":"https:\/\/www.lesamoureuses.wine\/en\/"},{"@type":"ListItem","position":2,"name":"Shop","item":"https:\/\/www.lesamoureuses.wine\/en\/shop\/"},{"@type":"ListItem","position":3,"name":"Miel de fleurs d&rsquo;Ard\u00e8che"}]},{"@type":"WebSite","@id":"https:\/\/www.lesamoureuses.wine\/en\/#website","url":"https:\/\/www.lesamoureuses.wine\/en\/","name":"Les Amoureuses","description":"","publisher":{"@id":"https:\/\/www.lesamoureuses.wine\/en\/#organization"},"potentialAction":[{"@type":"SearchAction","target":{"@type":"EntryPoint","urlTemplate":"https:\/\/www.lesamoureuses.wine\/en\/?s={search_term_string}"},"query-input":{"@type":"PropertyValueSpecification","valueRequired":true,"valueName":"search_term_string"}}],"inLanguage":"en-US"},{"@type":"Organization","@id":"https:\/\/www.lesamoureuses.wine\/en\/#organization","name":"Domaine Les Amoureuses","url":"https:\/\/www.lesamoureuses.wine\/en\/","logo":{"@type":"ImageObject","inLanguage":"en-US","@id":"https:\/\/www.lesamoureuses.wine\/en\/#\/schema\/logo\/image\/","url":"https:\/\/www.lesamoureuses.wine\/wp-content\/uploads\/2023\/08\/LOGO_AMOUREUSES-F.jpg","contentUrl":"https:\/\/www.lesamoureuses.wine\/wp-content\/uploads\/2023\/08\/LOGO_AMOUREUSES-F.jpg","width":2339,"height":1654,"caption":"Domaine Les Amoureuses"},"image":{"@id":"https:\/\/www.lesamoureuses.wine\/en\/#\/schema\/logo\/image\/"}}]}},"_links":{"self":[{"href":"https:\/\/www.lesamoureuses.wine\/en\/wp-json\/wp\/v2\/product\/3033","targetHints":{"allow":["GET"]}}],"collection":[{"href":"https:\/\/www.lesamoureuses.wine\/en\/wp-json\/wp\/v2\/product"}],"about":[{"href":"https:\/\/www.lesamoureuses.wine\/en\/wp-json\/wp\/v2\/types\/product"}],"version-history":[{"count":13,"href":"https:\/\/www.lesamoureuses.wine\/en\/wp-json\/wp\/v2\/product\/3033\/revisions"}],"predecessor-version":[{"id":3163,"href":"https:\/\/www.lesamoureuses.wine\/en\/wp-json\/wp\/v2\/product\/3033\/revisions\/3163"}],"wp:featuredmedia":[{"embeddable":true,"href":"https:\/\/www.lesamoureuses.wine\/en\/wp-json\/wp\/v2\/media\/3048"}],"wp:attachment":[{"href":"https:\/\/www.lesamoureuses.wine\/en\/wp-json\/wp\/v2\/media?parent=3033"}],"wp:term":[{"taxonomy":"product_brand","embeddable":true,"href":"https:\/\/www.lesamoureuses.wine\/en\/wp-json\/wp\/v2\/product_brand?post=3033"},{"taxonomy":"product_cat","embeddable":true,"href":"https:\/\/www.lesamoureuses.wine\/en\/wp-json\/wp\/v2\/product_cat?post=3033"},{"taxonomy":"product_tag","embeddable":true,"href":"https:\/\/www.lesamoureuses.wine\/en\/wp-json\/wp\/v2\/product_tag?post=3033"}],"curies":[{"name":"wp","href":"https:\/\/api.w.org\/{rel}","templated":true}]}}